{"id":568,"date":"2017-02-23T15:55:32","date_gmt":"2017-02-23T14:55:32","guid":{"rendered":"https:\/\/www.elso-bz.eu\/philosophie\/"},"modified":"2024-07-02T17:24:31","modified_gmt":"2024-07-02T15:24:31","slug":"filosofia","status":"publish","type":"page","link":"https:\/\/www.elso-bz.eu\/it\/filosofia\/","title":{"rendered":"Filosofia"},"content":{"rendered":"<p>Wir \u00fcbernehmen die komplexe Planung und Realisierung Ihrer automatisierbaren Abl\u00e4ufe und gestalten deren Handling f\u00fcr die Anwender in Ihrem Betrieb so einfach wie m\u00f6glich. Dabei integrieren wir neueste Techniken, wie die Steuerung per Smartphone, die das Bedienen Ihrer Anlagen und das Zugreifen auf deren Steuerung extrem vereinfachen. Zu unserer Philosophie geh\u00f6rt, dass wir erst dann zufrieden sind, wenn Sie es ebenfalls sind! Deswegen betreuen wir Sie in allen Belangen und Fragen Ihrer SPS-Anlage stets mit Rat und Tat!<\/p>\n","protected":false},"excerpt":{"rendered":"<p>Wir \u00fcbernehmen die komplexe Planung und Realisierung Ihrer automatisierbaren Abl\u00e4ufe und gestalten deren Handling f\u00fcr die Anwender in Ihrem Betrieb so einfach wie m\u00f6glich. Dabei integrieren wir neueste Techniken, wie die Steuerung per Smartphone, die das Bedienen Ihrer Anlagen und das Zugreifen auf deren Steuerung extrem vereinfachen. Zu unserer Philosophie geh\u00f6rt, dass wir erst dann [&hellip;]<\/p>\n","protected":false},"author":2,"featured_media":1410,"parent":0,"menu_order":0,"comment_status":"closed","ping_status":"closed","template":"template-unternehmen.php","meta":{"_acf_changed":false,"footnotes":""},"acf":[],"_links":{"self":[{"href":"https:\/\/www.elso-bz.eu\/it\/wp-json\/wp\/v2\/pages\/568"}],"collection":[{"href":"https:\/\/www.elso-bz.eu\/it\/wp-json\/wp\/v2\/pages"}],"about":[{"href":"https:\/\/www.elso-bz.eu\/it\/wp-json\/wp\/v2\/types\/page"}],"author":[{"embeddable":true,"href":"https:\/\/www.elso-bz.eu\/it\/wp-json\/wp\/v2\/users\/2"}],"replies":[{"embeddable":true,"href":"https:\/\/www.elso-bz.eu\/it\/wp-json\/wp\/v2\/comments?post=568"}],"version-history":[{"count":8,"href":"https:\/\/www.elso-bz.eu\/it\/wp-json\/wp\/v2\/pages\/568\/revisions"}],"predecessor-version":[{"id":1415,"href":"https:\/\/www.elso-bz.eu\/it\/wp-json\/wp\/v2\/pages\/568\/revisions\/1415"}],"wp:featuredmedia":[{"embeddable":true,"href":"https:\/\/www.elso-bz.eu\/it\/wp-json\/wp\/v2\/media\/1410"}],"wp:attachment":[{"href":"https:\/\/www.elso-bz.eu\/it\/wp-json\/wp\/v2\/media?parent=568"}],"curies":[{"name":"wp","href":"https:\/\/api.w.org\/{rel}","templated":true}]}}