{"id":569,"date":"2017-02-23T15:54:00","date_gmt":"2017-02-23T14:54:00","guid":{"rendered":"https:\/\/www.elso-bz.eu\/geschichte\/"},"modified":"2024-07-03T11:54:34","modified_gmt":"2024-07-03T09:54:34","slug":"storia","status":"publish","type":"page","link":"https:\/\/www.elso-bz.eu\/it\/storia\/","title":{"rendered":"Storia"},"content":{"rendered":"<p>Im Jahr 1999, wurde die Firma ELSO durch Herrn Markus Walter, der \u00fcber Meistertitel in den Bereichen Elektromechanik, Elektrotechnik und K\u00e4lteanlagenbau verf\u00fcgt. Dabei setzte Herr Walter wertvoll zuvor erworbenes Wissen in die Entwicklung seiner SPS-Produkte ein.<br \/>\nBereits ein Jahr darauf erweiterte Walter seinen Betrieb um einen Facharbeiter. Im Jahr 2003 wurde zur personellen Verst\u00e4rkung ein weiterer Elektromeister eingestellt, 2005 ein Facharbeiter.<\/p>\n<p>2006 schlie\u00dflich wurde das Personal mit einem SPS-Programmierer aufger\u00fcstet sowie mit einem Facharbeiter und einen Lehrling.<\/p>\n","protected":false},"excerpt":{"rendered":"<p>Im Jahr 1999, wurde die Firma ELSO durch Herrn Markus Walter, der \u00fcber Meistertitel in den Bereichen Elektromechanik, Elektrotechnik und K\u00e4lteanlagenbau verf\u00fcgt. Dabei setzte Herr Walter wertvoll zuvor erworbenes Wissen in die Entwicklung seiner SPS-Produkte ein. Bereits ein Jahr darauf erweiterte Walter seinen Betrieb um einen Facharbeiter. Im Jahr 2003 wurde zur personellen Verst\u00e4rkung ein [&hellip;]<\/p>\n","protected":false},"author":2,"featured_media":1408,"parent":0,"menu_order":0,"comment_status":"closed","ping_status":"closed","template":"template-unternehmen.php","meta":{"_acf_changed":false,"footnotes":""},"acf":[],"_links":{"self":[{"href":"https:\/\/www.elso-bz.eu\/it\/wp-json\/wp\/v2\/pages\/569"}],"collection":[{"href":"https:\/\/www.elso-bz.eu\/it\/wp-json\/wp\/v2\/pages"}],"about":[{"href":"https:\/\/www.elso-bz.eu\/it\/wp-json\/wp\/v2\/types\/page"}],"author":[{"embeddable":true,"href":"https:\/\/www.elso-bz.eu\/it\/wp-json\/wp\/v2\/users\/2"}],"replies":[{"embeddable":true,"href":"https:\/\/www.elso-bz.eu\/it\/wp-json\/wp\/v2\/comments?post=569"}],"version-history":[{"count":8,"href":"https:\/\/www.elso-bz.eu\/it\/wp-json\/wp\/v2\/pages\/569\/revisions"}],"predecessor-version":[{"id":1428,"href":"https:\/\/www.elso-bz.eu\/it\/wp-json\/wp\/v2\/pages\/569\/revisions\/1428"}],"wp:featuredmedia":[{"embeddable":true,"href":"https:\/\/www.elso-bz.eu\/it\/wp-json\/wp\/v2\/media\/1408"}],"wp:attachment":[{"href":"https:\/\/www.elso-bz.eu\/it\/wp-json\/wp\/v2\/media?parent=569"}],"curies":[{"name":"wp","href":"https:\/\/api.w.org\/{rel}","templated":true}]}}